{"id":6,"date":"2025-11-05T09:49:03","date_gmt":"2025-11-05T09:49:03","guid":{"rendered":"https:\/\/www.fixinformatique.fr\/?page_id=6"},"modified":"2025-11-05T09:49:03","modified_gmt":"2025-11-05T09:49:03","slug":"mentions-legales","status":"publish","type":"page","link":"https:\/\/www.fixinformatique.fr\/?page_id=6","title":{"rendered":"Mentions l\u00e9gales"},"content":{"rendered":"<h1>Mentions l\u00e9gales<\/h1>\n<p>\u00c9diteur : FIX INFORMATIQUE \u2013 G\u00e9rant : David Dubec<\/p>\n<p>Adresse : 5 rue d&rsquo;Oudeuil, 60860 Pisseleu<\/p>\n<p>Email : david@fixinformatique.fr<\/p>\n<p>H\u00e9bergeur : (\u00e0 pr\u00e9ciser)<\/p>\n<h2>Propri\u00e9t\u00e9 intellectuelle<\/h2>\n<p>Tous les contenus de ce site sont la propri\u00e9t\u00e9 de FIX INFORMATIQUE.<\/p>\n","protected":false},"excerpt":{"rendered":"<p>Mentions l\u00e9gales \u00c9diteur : FIX INFORMATIQUE \u2013 G\u00e9rant : David Dubec Adresse : 5 rue d&rsquo;Oudeuil, 60860 Pisseleu Email : david@fixinformatique.fr H\u00e9bergeur : (\u00e0 pr\u00e9ciser) [&hellip;]<\/p>\n","protected":false},"author":1,"featured_media":0,"parent":0,"menu_order":0,"comment_status":"closed","ping_status":"closed","template":"","meta":{"footnotes":""},"class_list":["post-6","page","type-page","status-publish","hentry"],"_links":{"self":[{"href":"https:\/\/www.fixinformatique.fr\/index.php?rest_route=\/wp\/v2\/pages\/6","targetHints":{"allow":["GET"]}}],"collection":[{"href":"https:\/\/www.fixinformatique.fr\/index.php?rest_route=\/wp\/v2\/pages"}],"about":[{"href":"https:\/\/www.fixinformatique.fr\/index.php?rest_route=\/wp\/v2\/types\/page"}],"author":[{"embeddable":true,"href":"https:\/\/www.fixinformatique.fr\/index.php?rest_route=\/wp\/v2\/users\/1"}],"replies":[{"embeddable":true,"href":"https:\/\/www.fixinformatique.fr\/index.php?rest_route=%2Fwp%2Fv2%2Fcomments&post=6"}],"version-history":[{"count":0,"href":"https:\/\/www.fixinformatique.fr\/index.php?rest_route=\/wp\/v2\/pages\/6\/revisions"}],"wp:attachment":[{"href":"https:\/\/www.fixinformatique.fr\/index.php?rest_route=%2Fwp%2Fv2%2Fmedia&parent=6"}],"curies":[{"name":"wp","href":"https:\/\/api.w.org\/{rel}","templated":true}]}}