{"id":4,"date":"2025-11-05T09:49:03","date_gmt":"2025-11-05T09:49:03","guid":{"rendered":"https:\/\/www.fixinformatique.fr\/?page_id=4"},"modified":"2025-11-05T12:14:45","modified_gmt":"2025-11-05T11:14:45","slug":"a-propos","status":"publish","type":"page","link":"https:\/\/www.fixinformatique.fr\/?page_id=4","title":{"rendered":"\u00c0 propos"},"content":{"rendered":"<h1>Une entreprise locale au service des professionnels<\/h1>\n<p>&nbsp;<\/p>\n<p>Fond\u00e9e en 2005 et dirig\u00e9e par <strong>David Dubec<\/strong>, FIX INFORMATIQUE est bas\u00e9e \u00e0 Pisseleu (60860). Nous proposons des solutions sur mesure aux PME et collectivit\u00e9s locales.<\/p>\n","protected":false},"excerpt":{"rendered":"<p>Une entreprise locale au service des professionnels &nbsp; Fond\u00e9e en 2005 et dirig\u00e9e par David Dubec, FIX INFORMATIQUE est bas\u00e9e \u00e0 Pisseleu (60860). Nous proposons [&hellip;]<\/p>\n","protected":false},"author":1,"featured_media":0,"parent":0,"menu_order":0,"comment_status":"closed","ping_status":"closed","template":"","meta":{"footnotes":""},"class_list":["post-4","page","type-page","status-publish","hentry"],"_links":{"self":[{"href":"https:\/\/www.fixinformatique.fr\/index.php?rest_route=\/wp\/v2\/pages\/4","targetHints":{"allow":["GET"]}}],"collection":[{"href":"https:\/\/www.fixinformatique.fr\/index.php?rest_route=\/wp\/v2\/pages"}],"about":[{"href":"https:\/\/www.fixinformatique.fr\/index.php?rest_route=\/wp\/v2\/types\/page"}],"author":[{"embeddable":true,"href":"https:\/\/www.fixinformatique.fr\/index.php?rest_route=\/wp\/v2\/users\/1"}],"replies":[{"embeddable":true,"href":"https:\/\/www.fixinformatique.fr\/index.php?rest_route=%2Fwp%2Fv2%2Fcomments&post=4"}],"version-history":[{"count":2,"href":"https:\/\/www.fixinformatique.fr\/index.php?rest_route=\/wp\/v2\/pages\/4\/revisions"}],"predecessor-version":[{"id":118,"href":"https:\/\/www.fixinformatique.fr\/index.php?rest_route=\/wp\/v2\/pages\/4\/revisions\/118"}],"wp:attachment":[{"href":"https:\/\/www.fixinformatique.fr\/index.php?rest_route=%2Fwp%2Fv2%2Fmedia&parent=4"}],"curies":[{"name":"wp","href":"https:\/\/api.w.org\/{rel}","templated":true}]}}