{"id":3,"date":"2025-11-05T09:49:03","date_gmt":"2025-11-05T09:49:03","guid":{"rendered":"https:\/\/www.fixinformatique.fr\/?page_id=3"},"modified":"2025-11-05T12:17:42","modified_gmt":"2025-11-05T11:17:42","slug":"nos-services","status":"publish","type":"page","link":"https:\/\/www.fixinformatique.fr\/?page_id=3","title":{"rendered":"Nos services"},"content":{"rendered":"<h1>Des solutions informatiques professionnelles adapt\u00e9es \u00e0 vos besoins<\/h1>\n<h2>Maintenance &amp; D\u00e9pannage<\/h2>\n<p>Interventions sur site ou \u00e0 distance, contrats de maintenance pr\u00e9ventive et support r\u00e9actif.<\/p>\n<h2>Vente de mat\u00e9riel<\/h2>\n<p>Ordinateurs, serveurs, p\u00e9riph\u00e9riques et licences professionnelles.<\/p>\n<h2>Gestion de parc<\/h2>\n<p>Supervision proactive, sauvegardes et mises \u00e0 jour centralis\u00e9es.<\/p>\n<p>&nbsp;<\/p>\n<p><img loading=\"lazy\" decoding=\"async\" class=\" wp-image-119 aligncenter\" src=\"https:\/\/www.fixinformatique.fr\/wp-content\/uploads\/2025\/11\/services-300x206.jpg\" alt=\"\" width=\"363\" height=\"234\" \/><\/p>\n","protected":false},"excerpt":{"rendered":"<p>Des solutions informatiques professionnelles adapt\u00e9es \u00e0 vos besoins Maintenance &amp; D\u00e9pannage Interventions sur site ou \u00e0 distance, contrats de maintenance pr\u00e9ventive et support r\u00e9actif. Vente [&hellip;]<\/p>\n","protected":false},"author":1,"featured_media":0,"parent":0,"menu_order":0,"comment_status":"closed","ping_status":"closed","template":"","meta":{"footnotes":""},"class_list":["post-3","page","type-page","status-publish","hentry"],"_links":{"self":[{"href":"https:\/\/www.fixinformatique.fr\/index.php?rest_route=\/wp\/v2\/pages\/3","targetHints":{"allow":["GET"]}}],"collection":[{"href":"https:\/\/www.fixinformatique.fr\/index.php?rest_route=\/wp\/v2\/pages"}],"about":[{"href":"https:\/\/www.fixinformatique.fr\/index.php?rest_route=\/wp\/v2\/types\/page"}],"author":[{"embeddable":true,"href":"https:\/\/www.fixinformatique.fr\/index.php?rest_route=\/wp\/v2\/users\/1"}],"replies":[{"embeddable":true,"href":"https:\/\/www.fixinformatique.fr\/index.php?rest_route=%2Fwp%2Fv2%2Fcomments&post=3"}],"version-history":[{"count":1,"href":"https:\/\/www.fixinformatique.fr\/index.php?rest_route=\/wp\/v2\/pages\/3\/revisions"}],"predecessor-version":[{"id":120,"href":"https:\/\/www.fixinformatique.fr\/index.php?rest_route=\/wp\/v2\/pages\/3\/revisions\/120"}],"wp:attachment":[{"href":"https:\/\/www.fixinformatique.fr\/index.php?rest_route=%2Fwp%2Fv2%2Fmedia&parent=3"}],"curies":[{"name":"wp","href":"https:\/\/api.w.org\/{rel}","templated":true}]}}